{"id":2913,"date":"2016-04-09T10:35:56","date_gmt":"2016-04-09T10:35:56","guid":{"rendered":"https:\/\/brando.themezaa.com\/photography\/?page_id=2913"},"modified":"2025-11-25T11:13:26","modified_gmt":"2025-11-25T11:13:26","slug":"photography","status":"publish","type":"page","link":"https:\/\/komsusinema.com\/","title":{"rendered":"Home"},"content":{"rendered":"<section  class=\"brando-row-1 no-padding bg-image-srcset fix-background\" style=\"background: url(https:\/\/komsusinema.com\/wp-content\/uploads\/2025\/11\/poster-top.jpg) no-repeat;\" data-bg-srcset=\"https:\/\/komsusinema.com\/wp-content\/uploads\/2025\/11\/poster-top.jpg 2000w, https:\/\/komsusinema.com\/wp-content\/uploads\/2025\/11\/poster-top-300x150.jpg 300w, https:\/\/komsusinema.com\/wp-content\/uploads\/2025\/11\/poster-top-1024x512.jpg 1024w, https:\/\/komsusinema.com\/wp-content\/uploads\/2025\/11\/poster-top-768x384.jpg 768w, https:\/\/komsusinema.com\/wp-content\/uploads\/2025\/11\/poster-top-1536x768.jpg 1536w, https:\/\/komsusinema.com\/wp-content\/uploads\/2025\/11\/poster-top-420x210.jpg 420w, https:\/\/komsusinema.com\/wp-content\/uploads\/2025\/11\/poster-top-1200x600.jpg 1200w\"><div class=\"container\"><div class=\"row\"><div class=\"wpb_column brando-column-container brando-column-1 vc_col-sm-12 vc_col-xs-12\" data-front-class=\"brando-column-container brando-column-1\"><div class=\"vc-column-innner-wrapper\"><div class=\"wpd-innner-wrapper\">[vc_single_image image=\"5288\" img_size=\"full\" alignment=\"center\" css=\"\"]<div class=\"position-relative full-screen\"><div class=\"slider-typography text-center\"><div class=\"slider-text-middle-main\"><div class=\"slider-text-middle slider-typography-option4\"><\/div><\/div><\/div><\/div><div class=\"scroll-down\"><div class=\"separator-line-thick-long bg-transparent-blue margin-one-top center-col no-margin-bottom\" style=\"background:rgba(0,239,255,0.5) !important;\"><\/div><\/div><\/div><\/div><\/div><\/div><\/div><\/section><section id=\"about\" class=\"photography-awards background-position-left brando-row-2\"><div class=\"container\"><div class=\"row\"><div class=\"wpb_column brando-column-container brando-column-2 vc_col-sm-6 vc_col-md-6 col-xs-mobile-fullwidth text-left margin-seven-top xs-no-margin-top\" data-front-class=\"brando-column-container brando-column-2 col-xs-mobile-fullwidth text-left margin-seven-top xs-no-margin-top\"><div class=\"vc-column-innner-wrapper\"><div class=\"wpd-innner-wrapper\"><h2 class=\"brando-remove-frontend-editor-top alt-font  heading-style10 no-margin brando_heading_1513082216-2-39\" style=\"color:#000000 !important; font-weight:600!important;\">ETK\u0130NL\u0130K HAKKINDA<\/h2><\/div><\/div><\/div><div class=\"wpb_column brando-column-container brando-column-3 vc_col-sm-6 vc_col-md-6 vc_col-xs-12 margin-seven-top xs-margin-eighteen-top\" data-front-class=\"brando-column-container brando-column-3 margin-seven-top xs-margin-eighteen-top\"><div class=\"vc-column-innner-wrapper\"><div class=\"wpd-innner-wrapper\"><div class=\"brando_text_1763929430-2-9\"><p style=\"text-align: justify;\"><strong>Kom\u015fu Sinema, T\u00fcrkiye\u2019nin kom\u015fu \u00fclkelerle k\u00fclt\u00fcrel ve sanatsal ba\u011flar\u0131n\u0131 g\u00fc\u00e7lendirmeyi hedefleyen bir sinema bul\u0131u\u015fmas\u0131d\u0131r. Sinema gelene\u011fi g\u00fc\u00e7l\u00fc ve k\u00f6kl\u00fc bir ge\u00e7mi\u015fe sahip olan \u0130ran Sinemas\u0131, bu etkinli\u011fin ilk dura\u011f\u0131 olarak se\u00e7ilmi\u015ftir. Etkinli\u011fin ilki 27 Ekim 2024 tarihinde \u0130stanbul Topkap\u0131 \u00dcniversitesi ev sahipli\u011finde ger\u00e7ekle\u015ftirilmi\u015ftir. Hem \u00fcniversite \u00f6\u011frencileri hem de T\u00fcrkiye\u2019de ya\u015fayan \u0130ranl\u0131 cemiyetin ve sinemaseverlerin yo\u011fun ilgisi ile ger\u00e7ekle\u015fen etkinli\u011fe, bir \u0130ranl\u0131 Y\u00f6netmen ve bir sinema ele\u015ftirmeni ayn\u0131 zamanda belgesel y\u00f6netmeni konuk olarak kat\u0131lm\u0131\u015ft\u0131r. Etkinli\u011fin bu y\u0131l ikincisi d\u00fczenlenmek istenmektedir.<\/strong><\/p>\n<\/div>[vc_btn title=\"Daha Fazla\" style=\"3d\" color=\"primary\" size=\"lg\" css=\"\" link=\"url:https%3A%2F%2Fkomsusinema.com%2Findex.php%2Fabout%2F|title:About\"]<\/div><\/div><\/div><\/div><\/div><\/section><section class=\"brando-row-3 padding-eight-all md-padding-five-all sm-padding-five-all\" style=\"background-color:#234295;\"><div class=\"wpb_column brando-column-container brando-column-4 vc_col-sm-4 vc_col-xs-12\" data-front-class=\"brando-column-container brando-column-4\" style=\"background-color:#5C81A305;\" data-background-color=\"#5C81A305\"><div class=\"vc-column-innner-wrapper\"><div class=\"wpd-innner-wrapper\"><div class=\"blog-post-style2\"><article class=\"col-md-12 col-sm-12 col-xs-12 no-padding bg-white\"><div class=\"col-md-6 col-sm-6 col-xs-6 no-padding post-thumbnail overflow-hidden\"><img loading=\"lazy\" decoding=\"async\" width=\"900\" height=\"1070\" src=\"https:\/\/komsusinema.com\/wp-content\/uploads\/2025\/11\/p1.jpg\" class=\"attachment-full size-full\" alt=\"\" srcset=\"https:\/\/komsusinema.com\/wp-content\/uploads\/2025\/11\/p1.jpg 900w, https:\/\/komsusinema.com\/wp-content\/uploads\/2025\/11\/p1-252x300.jpg 252w, https:\/\/komsusinema.com\/wp-content\/uploads\/2025\/11\/p1-861x1024.jpg 861w, https:\/\/komsusinema.com\/wp-content\/uploads\/2025\/11\/p1-768x913.jpg 768w, https:\/\/komsusinema.com\/wp-content\/uploads\/2025\/11\/p1-420x499.jpg 420w, https:\/\/komsusinema.com\/wp-content\/uploads\/2025\/11\/p1-589x700.jpg 589w\" sizes=\"auto, (max-width: 900px) 100vw, 900px\" \/><\/div><div class=\"col-md-6 col-sm-6 col-xs-6 no-padding post-details-arrow\"><div class=\"post-details\"><span class=\"text-extra-large text-uppercase display-block alt-font margin-six-tb sm-text-small xs-text-small\"><a style=\"color:#234295 !important;\">O G\u00fcn Hava Bulutlu De\u011fild<\/a><\/span><span class=\"text-medium text-uppercase alt-font light-gray-text sm-text-extra-small\">Mohsen Rabiei<\/span><div class=\"separator-line-thick bg-dark-blue margin-eight-top\" style=\"height:2px !important;\"><\/div><\/div><\/div><\/article><\/div><\/div><\/div><\/div><div class=\"wpb_column brando-column-container brando-column-5 vc_col-sm-4 col-xs-mobile-fullwidth\" data-front-class=\"brando-column-container brando-column-5 col-xs-mobile-fullwidth\"><div class=\"vc-column-innner-wrapper\"><div class=\"wpd-innner-wrapper\"><div class=\"blog-post-style2\"><article class=\"col-md-12 col-sm-12 col-xs-12 no-padding bg-white\"><div class=\"col-md-6 col-sm-6 col-xs-6 no-padding post-thumbnail overflow-hidden\"><img loading=\"lazy\" decoding=\"async\" width=\"900\" height=\"1070\" src=\"https:\/\/komsusinema.com\/wp-content\/uploads\/2025\/11\/p3.jpg\" class=\"attachment-full size-full\" alt=\"\" srcset=\"https:\/\/komsusinema.com\/wp-content\/uploads\/2025\/11\/p3.jpg 900w, https:\/\/komsusinema.com\/wp-content\/uploads\/2025\/11\/p3-252x300.jpg 252w, https:\/\/komsusinema.com\/wp-content\/uploads\/2025\/11\/p3-861x1024.jpg 861w, https:\/\/komsusinema.com\/wp-content\/uploads\/2025\/11\/p3-768x913.jpg 768w, https:\/\/komsusinema.com\/wp-content\/uploads\/2025\/11\/p3-420x499.jpg 420w, https:\/\/komsusinema.com\/wp-content\/uploads\/2025\/11\/p3-589x700.jpg 589w\" sizes=\"auto, (max-width: 900px) 100vw, 900px\" \/><\/div><div class=\"col-md-6 col-sm-6 col-xs-6 no-padding post-details-arrow\"><div class=\"post-details\"><span class=\"text-extra-large text-uppercase display-block alt-font margin-six-tb sm-text-small xs-text-small\"><a style=\"color:#234295 !important;\">Tara<\/a><\/span><span class=\"text-medium text-uppercase alt-font light-gray-text sm-text-extra-small\">Farhad Eyvaz<\/span><div class=\"separator-line-thick bg-dark-blue margin-eight-top\" style=\"height:2px !important;\"><\/div><\/div><\/div><\/article><\/div><\/div><\/div><\/div><div class=\"wpb_column brando-column-container brando-column-6 vc_col-sm-4 col-xs-mobile-fullwidth\" data-front-class=\"brando-column-container brando-column-6 col-xs-mobile-fullwidth\"><div class=\"vc-column-innner-wrapper\"><div class=\"wpd-innner-wrapper\"><div class=\"blog-post-style2\"><article class=\"col-md-12 col-sm-12 col-xs-12 no-padding bg-white\"><div class=\"col-md-6 col-sm-6 col-xs-6 no-padding post-thumbnail overflow-hidden\"><img loading=\"lazy\" decoding=\"async\" width=\"900\" height=\"1070\" src=\"https:\/\/komsusinema.com\/wp-content\/uploads\/2025\/11\/p2.jpg\" class=\"attachment-full size-full\" alt=\"\" srcset=\"https:\/\/komsusinema.com\/wp-content\/uploads\/2025\/11\/p2.jpg 900w, https:\/\/komsusinema.com\/wp-content\/uploads\/2025\/11\/p2-252x300.jpg 252w, https:\/\/komsusinema.com\/wp-content\/uploads\/2025\/11\/p2-861x1024.jpg 861w, https:\/\/komsusinema.com\/wp-content\/uploads\/2025\/11\/p2-768x913.jpg 768w, https:\/\/komsusinema.com\/wp-content\/uploads\/2025\/11\/p2-420x499.jpg 420w, https:\/\/komsusinema.com\/wp-content\/uploads\/2025\/11\/p2-589x700.jpg 589w\" sizes=\"auto, (max-width: 900px) 100vw, 900px\" \/><\/div><div class=\"col-md-6 col-sm-6 col-xs-6 no-padding post-details-arrow\"><div class=\"post-details\"><span class=\"text-extra-large text-uppercase display-block alt-font margin-six-tb sm-text-small xs-text-small\"><a style=\"color:#234295 !important;\">Bedenin A\u011f\u0131t\u0131<\/a><\/span><span class=\"text-medium text-uppercase alt-font light-gray-text sm-text-extra-small\">Farhad Eyvaz<\/span><div class=\"separator-line-thick bg-dark-blue margin-eight-top\" style=\"height:2px !important;\"><\/div><\/div><\/div><\/article><\/div><\/div><\/div><\/div><\/section><section class=\"brando-row-4 padding-eight-all md-padding-five-all sm-padding-five-all margin-seven-bottom md-margin-six-tb\"><div class=\"wpb_column brando-column-container brando-column-7 vc_col-sm-4 vc_col-xs-12\" data-front-class=\"brando-column-container brando-column-7\"><div class=\"vc-column-innner-wrapper\"><div class=\"wpd-innner-wrapper\"><div class=\"blog-post-style2\"><article class=\"col-md-12 col-sm-12 col-xs-12 no-padding bg-white\"><div class=\"col-md-6 col-sm-6 col-xs-6 no-padding post-thumbnail overflow-hidden\"><img loading=\"lazy\" decoding=\"async\" width=\"900\" height=\"1070\" src=\"https:\/\/komsusinema.com\/wp-content\/uploads\/2025\/11\/p4.jpg\" class=\"attachment-full size-full\" alt=\"\" srcset=\"https:\/\/komsusinema.com\/wp-content\/uploads\/2025\/11\/p4.jpg 900w, https:\/\/komsusinema.com\/wp-content\/uploads\/2025\/11\/p4-252x300.jpg 252w, https:\/\/komsusinema.com\/wp-content\/uploads\/2025\/11\/p4-861x1024.jpg 861w, https:\/\/komsusinema.com\/wp-content\/uploads\/2025\/11\/p4-768x913.jpg 768w, https:\/\/komsusinema.com\/wp-content\/uploads\/2025\/11\/p4-420x499.jpg 420w, https:\/\/komsusinema.com\/wp-content\/uploads\/2025\/11\/p4-589x700.jpg 589w\" sizes=\"auto, (max-width: 900px) 100vw, 900px\" \/><\/div><div class=\"col-md-6 col-sm-6 col-xs-6 no-padding post-details-arrow\"><div class=\"post-details\"><span class=\"text-extra-large text-uppercase display-block alt-font margin-six-tb sm-text-small xs-text-small\"><a style=\"color:#234295 !important;\">Halikya<\/a><\/span><span class=\"text-medium text-uppercase alt-font light-gray-text sm-text-extra-small\">T\u00fclay T\u00fcrken<\/span><div class=\"separator-line-thick bg-dark-blue margin-eight-top\" style=\"height:2px !important;\"><\/div><\/div><\/div><\/article><\/div><\/div><\/div><\/div><div class=\"wpb_column brando-column-container brando-column-8 vc_col-sm-4 col-xs-mobile-fullwidth\" data-front-class=\"brando-column-container brando-column-8 col-xs-mobile-fullwidth\"><div class=\"vc-column-innner-wrapper\"><div class=\"wpd-innner-wrapper\"><div class=\"blog-post-style2\"><article class=\"col-md-12 col-sm-12 col-xs-12 no-padding bg-white\"><div class=\"col-md-6 col-sm-6 col-xs-6 no-padding post-thumbnail overflow-hidden\"><img loading=\"lazy\" decoding=\"async\" width=\"900\" height=\"1070\" src=\"https:\/\/komsusinema.com\/wp-content\/uploads\/2025\/11\/p5.jpg\" class=\"attachment-full size-full\" alt=\"\" srcset=\"https:\/\/komsusinema.com\/wp-content\/uploads\/2025\/11\/p5.jpg 900w, https:\/\/komsusinema.com\/wp-content\/uploads\/2025\/11\/p5-252x300.jpg 252w, https:\/\/komsusinema.com\/wp-content\/uploads\/2025\/11\/p5-861x1024.jpg 861w, https:\/\/komsusinema.com\/wp-content\/uploads\/2025\/11\/p5-768x913.jpg 768w, https:\/\/komsusinema.com\/wp-content\/uploads\/2025\/11\/p5-420x499.jpg 420w, https:\/\/komsusinema.com\/wp-content\/uploads\/2025\/11\/p5-589x700.jpg 589w\" sizes=\"auto, (max-width: 900px) 100vw, 900px\" \/><\/div><div class=\"col-md-6 col-sm-6 col-xs-6 no-padding post-details-arrow\"><div class=\"post-details\"><span class=\"text-extra-large text-uppercase display-block alt-font margin-six-tb sm-text-small xs-text-small\"><a style=\"color:#234295 !important;\">Original Sin<\/a><\/span><span class=\"text-medium text-uppercase alt-font light-gray-text sm-text-extra-small\">Sina Ahmadi<\/span><div class=\"separator-line-thick bg-dark-blue margin-eight-top\" style=\"height:2px !important;\"><\/div><\/div><\/div><\/article><\/div><\/div><\/div><\/div><div class=\"wpb_column brando-column-container brando-column-9 vc_col-sm-4 col-xs-mobile-fullwidth\" data-front-class=\"brando-column-container brando-column-9 col-xs-mobile-fullwidth\"><div class=\"vc-column-innner-wrapper\"><div class=\"wpd-innner-wrapper\"><div class=\"blog-post-style2\"><article class=\"col-md-12 col-sm-12 col-xs-12 no-padding bg-white\"><div class=\"col-md-6 col-sm-6 col-xs-6 no-padding post-thumbnail overflow-hidden\"><img loading=\"lazy\" decoding=\"async\" width=\"900\" height=\"1070\" src=\"https:\/\/komsusinema.com\/wp-content\/uploads\/2025\/11\/p6.jpg\" class=\"attachment-full size-full\" alt=\"\" srcset=\"https:\/\/komsusinema.com\/wp-content\/uploads\/2025\/11\/p6.jpg 900w, https:\/\/komsusinema.com\/wp-content\/uploads\/2025\/11\/p6-252x300.jpg 252w, https:\/\/komsusinema.com\/wp-content\/uploads\/2025\/11\/p6-861x1024.jpg 861w, https:\/\/komsusinema.com\/wp-content\/uploads\/2025\/11\/p6-768x913.jpg 768w, https:\/\/komsusinema.com\/wp-content\/uploads\/2025\/11\/p6-420x499.jpg 420w, https:\/\/komsusinema.com\/wp-content\/uploads\/2025\/11\/p6-589x700.jpg 589w\" sizes=\"auto, (max-width: 900px) 100vw, 900px\" \/><\/div><div class=\"col-md-6 col-sm-6 col-xs-6 no-padding post-details-arrow\"><div class=\"post-details\"><span class=\"text-extra-large text-uppercase display-block alt-font margin-six-tb sm-text-small xs-text-small\"><a style=\"color:#234295 !important;\">The Third Person<\/a><\/span><span class=\"text-medium text-uppercase alt-font light-gray-text sm-text-extra-small\">Pouya Aminpouri<\/span><div class=\"separator-line-thick bg-dark-blue margin-eight-top\" style=\"height:2px !important;\"><\/div><\/div><\/div><\/article><\/div><\/div><\/div><\/div><\/section><section class=\"brando-row-5 padding-eight-top md-padding-six-top\"><div class=\"container-fluid\"><div class=\"row\"><div class=\"wpb_column brando-column-container brando-column-10 vc_col-sm-3 vc_col-xs-12\" data-front-class=\"brando-column-container brando-column-10\"><div class=\"vc-column-innner-wrapper\"><div class=\"wpd-innner-wrapper\">[vc_single_image image=\"5284\" img_size=\"full\" alignment=\"center\" style=\"vc_box_shadow\" onclick=\"link_image\" css_animation=\"flipInX\" css=\"\"]<\/div><\/div><\/div><div class=\"wpb_column brando-column-container brando-column-11 vc_col-sm-3 col-xs-mobile-fullwidth\" data-front-class=\"brando-column-container brando-column-11 col-xs-mobile-fullwidth\"><div class=\"vc-column-innner-wrapper\"><div class=\"wpd-innner-wrapper\">[vc_single_image image=\"5285\" img_size=\"full\" alignment=\"center\" style=\"vc_box_shadow\" onclick=\"link_image\" css_animation=\"flipInX\" css=\"\"]<\/div><\/div><\/div><div class=\"wpb_column brando-column-container brando-column-12 vc_col-sm-3 col-xs-mobile-fullwidth\" data-front-class=\"brando-column-container brando-column-12 col-xs-mobile-fullwidth\"><div class=\"vc-column-innner-wrapper\"><div class=\"wpd-innner-wrapper\">[vc_single_image image=\"5286\" img_size=\"full\" alignment=\"center\" style=\"vc_box_shadow\" onclick=\"link_image\" css_animation=\"flipInX\" css=\"\"]<\/div><\/div><\/div><div class=\"wpb_column brando-column-container brando-column-13 vc_col-sm-3 col-xs-mobile-fullwidth\" data-front-class=\"brando-column-container brando-column-13 col-xs-mobile-fullwidth\"><div class=\"vc-column-innner-wrapper\"><div class=\"wpd-innner-wrapper\">[vc_single_image image=\"5364\" img_size=\"full\" alignment=\"center\" style=\"vc_box_shadow\" onclick=\"link_image\" css_animation=\"flipInX\" css=\"\"]<\/div><\/div><\/div><\/div><\/div><\/section><section class=\"brando-row-6 padding-eight-top md-padding-six-top\"><div class=\"container\"><div class=\"row\"><div class=\"wpb_column brando-column-container brando-column-14 vc_col-sm-6 vc_col-xs-12\" data-front-class=\"brando-column-container brando-column-14\"><div class=\"vc-column-innner-wrapper\"><div class=\"wpd-innner-wrapper\">[vc_video link=\"https:\/\/www.youtube.com\/watch?v=nIho7ey5a8Y\" align=\"center\" css_animation=\"flipInX\" css=\"\"]<\/div><\/div><\/div><div class=\"wpb_column brando-column-container brando-column-15 vc_col-sm-6 col-xs-mobile-fullwidth\" data-front-class=\"brando-column-container brando-column-15 col-xs-mobile-fullwidth\"><div class=\"vc-column-innner-wrapper\"><div class=\"wpd-innner-wrapper\">[vc_video link=\"https:\/\/www.youtube.com\/watch?v=NgeiVokyE9c\" align=\"center\" css_animation=\"flipInX\" css=\"\"]<\/div><\/div><\/div><\/div><\/div><\/section><section class=\"brando-row-7 no-padding-top md-no-padding-top sm-no-padding-top\"><div class=\"container\"><div class=\"row\"><div class=\"wpb_column brando-column-container brando-column-16 vc_col-sm-6 vc_col-xs-12\" data-front-class=\"brando-column-container brando-column-16\"><div class=\"vc-column-innner-wrapper\"><div class=\"wpd-innner-wrapper\"><video muted controls playsinline><source type=\"video\/mp4\" src=\"http:\/\/komsusinema.com\/wp-content\/uploads\/2025\/11\/document_5789588285483390507.mp4\"><\/video><\/div><\/div><\/div><div class=\"wpb_column brando-column-container brando-column-17 vc_col-sm-6 col-xs-mobile-fullwidth\" data-front-class=\"brando-column-container brando-column-17 col-xs-mobile-fullwidth\"><div class=\"vc-column-innner-wrapper\"><div class=\"wpd-innner-wrapper\"><video muted controls playsinline><source type=\"video\/mp4\" src=\"http:\/\/komsusinema.com\/wp-content\/uploads\/2025\/11\/document_5848114615120042738.mp4\"><\/video><\/div><\/div><\/div><\/div><\/div><\/section><section id=\"contact\" class=\"brando-row-8\"><div class=\"container\"><div class=\"row\"><div class=\"wpb_column brando-column-container brando-column-18 vc_col-sm-12 vc_col-md-8 vc_col-xs-12 center-col text-center xs-no-padding-lr\" data-front-class=\"brando-column-container brando-column-18 center-col text-center xs-no-padding-lr\"><div class=\"vc-column-innner-wrapper\"><div class=\"wpd-innner-wrapper\"><div class=\"brando-inner-row-1 brando-inner-row-class\"><div class=\"wpb_column brando-column-container brando-column-19 vc_col-sm-4 vc_col-xs-12 xs-margin-eight-bottom\" data-front-class=\"brando-column-container brando-column-19 xs-margin-eight-bottom\"><div class=\"vc-column-innner-wrapper\"><div class=\"wpd-innner-wrapper\"><div class=\" text-center\"><i class=\"icon-map-pin icon-small medium-gray-text\"><\/i><p>Atlas Sinema<\/p>\n<\/div><\/div><\/div><\/div><div class=\"wpb_column brando-column-container brando-column-20 vc_col-sm-4 vc_col-xs-12 xs-margin-eight-bottom\" data-front-class=\"brando-column-container brando-column-20 xs-margin-eight-bottom\"><div class=\"vc-column-innner-wrapper\"><div class=\"wpd-innner-wrapper\"><div class=\" text-center\"><i class=\"icon-clipboard icon-small medium-gray-text\"><\/i><p><span class=\"alt-font text-uppercase display-block margin-5px-top\">General Enquiries<br \/>\n<a href=\"mailto:\u0131nfo@komsusinema.com\">\u0131nfo@komsusinema.com<\/a><\/span><\/p>\n<\/div><\/div><\/div><\/div><div class=\"wpb_column brando-column-container brando-column-21 vc_col-sm-4 vc_col-xs-12\" data-front-class=\"brando-column-container brando-column-21\"><div class=\"vc-column-innner-wrapper\"><div class=\"wpd-innner-wrapper\"><div class=\" text-center\"><i class=\"icon-phone icon-small medium-gray-text\"><\/i><p><span class=\"alt-font text-uppercase display-block margin-5px-top\">Tel.<br \/>\n+90 - 5345898410<\/span><\/p>\n<\/div><\/div><\/div><\/div><\/div><\/div><\/div><\/div><div class=\"wpb_column brando-column-container brando-column-22 vc_col-sm-12 vc_col-md-12 vc_col-xs-12 margin-seven-top xs-margin-ten-top\" data-front-class=\"brando-column-container brando-column-22 margin-seven-top xs-margin-ten-top\"><div class=\"vc-column-innner-wrapper\"><div class=\"wpd-innner-wrapper\"><div class=\"brando-sep-1\"><\/div><\/div><\/div><\/div><div class=\"wpb_column brando-column-container brando-column-23 vc_col-sm-12 vc_col-md-10 vc_col-xs-12 clear-both center-col xs-no-padding-lr\" data-front-class=\"brando-column-container brando-column-23 clear-both center-col xs-no-padding-lr\"><div class=\"vc-column-innner-wrapper\"><div class=\"wpd-innner-wrapper\"><\/div><\/div><\/div><\/div><\/div><\/section><section  class=\"brando-row-9 no-padding bg-image-srcset fix-background\" style=\"background: url(https:\/\/komsusinema.com\/wp-content\/uploads\/2025\/11\/poster-2.jpg) no-repeat;\" data-bg-srcset=\"https:\/\/komsusinema.com\/wp-content\/uploads\/2025\/11\/poster-2.jpg 2000w, https:\/\/komsusinema.com\/wp-content\/uploads\/2025\/11\/poster-2-300x150.jpg 300w, https:\/\/komsusinema.com\/wp-content\/uploads\/2025\/11\/poster-2-1024x512.jpg 1024w, https:\/\/komsusinema.com\/wp-content\/uploads\/2025\/11\/poster-2-768x384.jpg 768w, https:\/\/komsusinema.com\/wp-content\/uploads\/2025\/11\/poster-2-1536x768.jpg 1536w, https:\/\/komsusinema.com\/wp-content\/uploads\/2025\/11\/poster-2-420x210.jpg 420w, https:\/\/komsusinema.com\/wp-content\/uploads\/2025\/11\/poster-2-1200x600.jpg 1200w\"><div class=\"container\"><div class=\"row\"><div class=\"wpb_column brando-column-container brando-column-24 vc_col-sm-12 vc_col-xs-12\" data-front-class=\"brando-column-container brando-column-24\"><div class=\"vc-column-innner-wrapper\"><div class=\"wpd-innner-wrapper\"><div class=\"position-relative full-screen\"><div class=\"slider-typography text-center\"><div class=\"slider-text-middle-main\"><div class=\"slider-text-middle slider-typography-option4\"><\/div><\/div><\/div><\/div><div class=\"scroll-down\"><div class=\"separator-line-thick-long bg-transparent-blue margin-one-top center-col no-margin-bottom\" style=\"background:rgba(0,239,255,0.5) !important;\"><\/div><\/div><\/div><\/div><\/div><\/div><\/div><\/section>","protected":false},"excerpt":{"rendered":"<p>[vc_single_image image=&#8221;5288&#8243; img_size=&#8221;full&#8221; alignment=&#8221;center&#8221; css=&#8221;&#8221;]ETK\u0130NL\u0130K HAKKINDAKom\u015fu Sinema, T\u00fcrkiye\u2019nin kom\u015fu \u00fclkelerle k\u00fclt\u00fcrel ve sanatsal ba\u011flar\u0131n\u0131 g\u00fc\u00e7lendirmeyi hedefleyen bir sinema bul\u0131u\u015fmas\u0131d\u0131r. Sinema gelene\u011fi g\u00fc\u00e7l\u00fc ve k\u00f6kl\u00fc bir ge\u00e7mi\u015fe sahip olan \u0130ran Sinemas\u0131, bu etkinli\u011fin ilk dura\u011f\u0131 olarak se\u00e7ilmi\u015ftir. Etkinli\u011fin ilki 27 Ekim 2024 tarihinde \u0130stanbul Topkap\u0131 \u00dcniversitesi ev sahipli\u011finde ger\u00e7ekle\u015ftirilmi\u015ftir. Hem \u00fcniversite \u00f6\u011frencileri hem de T\u00fcrkiye\u2019de ya\u015fayan [&hellip;]<\/p>\n","protected":false},"author":1,"featured_media":0,"parent":0,"menu_order":0,"comment_status":"closed","ping_status":"closed","template":"","meta":{"footnotes":""},"class_list":["post-2913","page","type-page","status-publish","hentry"],"_links":{"self":[{"href":"https:\/\/komsusinema.com\/index.php\/wp-json\/wp\/v2\/pages\/2913","targetHints":{"allow":["GET"]}}],"collection":[{"href":"https:\/\/komsusinema.com\/index.php\/wp-json\/wp\/v2\/pages"}],"about":[{"href":"https:\/\/komsusinema.com\/index.php\/wp-json\/wp\/v2\/types\/page"}],"author":[{"embeddable":true,"href":"https:\/\/komsusinema.com\/index.php\/wp-json\/wp\/v2\/users\/1"}],"replies":[{"embeddable":true,"href":"https:\/\/komsusinema.com\/index.php\/wp-json\/wp\/v2\/comments?post=2913"}],"version-history":[{"count":30,"href":"https:\/\/komsusinema.com\/index.php\/wp-json\/wp\/v2\/pages\/2913\/revisions"}],"predecessor-version":[{"id":5374,"href":"https:\/\/komsusinema.com\/index.php\/wp-json\/wp\/v2\/pages\/2913\/revisions\/5374"}],"wp:attachment":[{"href":"https:\/\/komsusinema.com\/index.php\/wp-json\/wp\/v2\/media?parent=2913"}],"curies":[{"name":"wp","href":"https:\/\/api.w.org\/{rel}","templated":true}]}}